{"id":50,"date":"2026-02-09T10:45:18","date_gmt":"2026-02-09T09:45:18","guid":{"rendered":"https:\/\/zrubyoscadnica.sk\/rezervacia\/"},"modified":"2026-02-18T15:16:56","modified_gmt":"2026-02-18T14:16:56","slug":"rezervacia","status":"publish","type":"page","link":"https:\/\/zrubyoscadnica.sk\/en\/rezervacia\/","title":{"rendered":"Reservation"},"content":{"rendered":"","protected":false},"excerpt":{"rendered":"","protected":false},"author":1,"featured_media":0,"parent":0,"menu_order":0,"comment_status":"closed","ping_status":"closed","template":"","meta":{"_seopress_robots_primary_cat":"","_seopress_titles_title":"Rezerv\u00e1cia pobytu \u2013 Zruby O\u0161\u010dadnica - Pren\u00e1jom chaty","_seopress_titles_desc":"Rezervujte si ubytovanie v Zruboch O\u0161\u010dadnica pri Ve\u013ekej Ra\u010di. Vyberte term\u00edn, typ zrubu a zabezpe\u010dte si pobyt v kr\u00e1snej pr\u00edrode Kys\u00fac r\u00fdchlo a jednoducho.","_seopress_robots_index":"","footnotes":""},"class_list":["post-50","page","type-page","status-publish","hentry"],"_links":{"self":[{"href":"https:\/\/zrubyoscadnica.sk\/en\/wp-json\/wp\/v2\/pages\/50","targetHints":{"allow":["GET"]}}],"collection":[{"href":"https:\/\/zrubyoscadnica.sk\/en\/wp-json\/wp\/v2\/pages"}],"about":[{"href":"https:\/\/zrubyoscadnica.sk\/en\/wp-json\/wp\/v2\/types\/page"}],"author":[{"embeddable":true,"href":"https:\/\/zrubyoscadnica.sk\/en\/wp-json\/wp\/v2\/users\/1"}],"replies":[{"embeddable":true,"href":"https:\/\/zrubyoscadnica.sk\/en\/wp-json\/wp\/v2\/comments?post=50"}],"version-history":[{"count":3,"href":"https:\/\/zrubyoscadnica.sk\/en\/wp-json\/wp\/v2\/pages\/50\/revisions"}],"predecessor-version":[{"id":368,"href":"https:\/\/zrubyoscadnica.sk\/en\/wp-json\/wp\/v2\/pages\/50\/revisions\/368"}],"wp:attachment":[{"href":"https:\/\/zrubyoscadnica.sk\/en\/wp-json\/wp\/v2\/media?parent=50"}],"curies":[{"name":"wp","href":"https:\/\/api.w.org\/{rel}","templated":true}]}}