{"id":51,"date":"2026-02-09T10:45:20","date_gmt":"2026-02-09T09:45:20","guid":{"rendered":"https:\/\/zrubyoscadnica.sk\/kontakt\/"},"modified":"2026-02-16T11:30:59","modified_gmt":"2026-02-16T10:30:59","slug":"kontakt","status":"publish","type":"page","link":"https:\/\/zrubyoscadnica.sk\/en\/kontakt\/","title":{"rendered":"Contact"},"content":{"rendered":"<div class=\"wp-block-group alignfull is-style-ext-preset--group--natural-1--section has-background-background-color has-background\" id=\"kontakt\" style=\"margin-top:0;margin-bottom:0;padding-top:var(--wp--preset--spacing--70);padding-bottom:var(--wp--preset--spacing--70)\"><div class=\"wp-block-group__inner-container is-layout-constrained wp-block-group-is-layout-constrained\"><\/div><\/div>","protected":false},"excerpt":{"rendered":"","protected":false},"author":1,"featured_media":0,"parent":0,"menu_order":0,"comment_status":"closed","ping_status":"closed","template":"","meta":{"_seopress_robots_primary_cat":"","_seopress_titles_title":"Ubytovanie O\u0161\u010dadnica a Ve\u013ek\u00e1 Ra\u010da | Zruby O\u0161\u010dadnica","_seopress_titles_desc":"Kontaktujte Zruby O\u0161\u010dadnica pre rezerv\u00e1cie a inform\u00e1cie o ubytovan\u00ed pri Ve\u013ekej Ra\u010di. Telef\u00f3n, e-mail, adresa a r\u00fdchla odpove\u010f od n\u00e1\u0161ho t\u00edmu.","_seopress_robots_index":"","footnotes":""},"class_list":["post-51","page","type-page","status-publish","hentry"],"_links":{"self":[{"href":"https:\/\/zrubyoscadnica.sk\/en\/wp-json\/wp\/v2\/pages\/51","targetHints":{"allow":["GET"]}}],"collection":[{"href":"https:\/\/zrubyoscadnica.sk\/en\/wp-json\/wp\/v2\/pages"}],"about":[{"href":"https:\/\/zrubyoscadnica.sk\/en\/wp-json\/wp\/v2\/types\/page"}],"author":[{"embeddable":true,"href":"https:\/\/zrubyoscadnica.sk\/en\/wp-json\/wp\/v2\/users\/1"}],"replies":[{"embeddable":true,"href":"https:\/\/zrubyoscadnica.sk\/en\/wp-json\/wp\/v2\/comments?post=51"}],"version-history":[{"count":2,"href":"https:\/\/zrubyoscadnica.sk\/en\/wp-json\/wp\/v2\/pages\/51\/revisions"}],"predecessor-version":[{"id":365,"href":"https:\/\/zrubyoscadnica.sk\/en\/wp-json\/wp\/v2\/pages\/51\/revisions\/365"}],"wp:attachment":[{"href":"https:\/\/zrubyoscadnica.sk\/en\/wp-json\/wp\/v2\/media?parent=51"}],"curies":[{"name":"wp","href":"https:\/\/api.w.org\/{rel}","templated":true}]}}