{"id":55,"date":"2026-02-09T10:45:25","date_gmt":"2026-02-09T09:45:25","guid":{"rendered":"https:\/\/zrubyoscadnica.sk\/o-nas\/"},"modified":"2026-02-18T15:22:22","modified_gmt":"2026-02-18T14:22:22","slug":"o-nas","status":"publish","type":"page","link":"https:\/\/zrubyoscadnica.sk\/en\/o-nas\/","title":{"rendered":"About us"},"content":{"rendered":"","protected":false},"excerpt":{"rendered":"","protected":false},"author":1,"featured_media":0,"parent":0,"menu_order":0,"comment_status":"closed","ping_status":"closed","template":"","meta":{"_seopress_robots_primary_cat":"","_seopress_titles_title":"O n\u00e1s \u2013 Ubytovanie Zruby O\u0161\u010dadnica","_seopress_titles_desc":"Zruby O\u0161\u010dadnica \u2013 Rodinn\u00e9 ubytovanie v pr\u00edrode pri Ve\u013ekej Ra\u010di na Kysuciach. Spoznajte na\u0161u filozofiu, hist\u00f3riu a d\u00f4vod, pre\u010do si vybra\u0165 pr\u00e1ve na\u0161e zruby.","_seopress_robots_index":"","footnotes":""},"class_list":["post-55","page","type-page","status-publish","hentry"],"_links":{"self":[{"href":"https:\/\/zrubyoscadnica.sk\/en\/wp-json\/wp\/v2\/pages\/55","targetHints":{"allow":["GET"]}}],"collection":[{"href":"https:\/\/zrubyoscadnica.sk\/en\/wp-json\/wp\/v2\/pages"}],"about":[{"href":"https:\/\/zrubyoscadnica.sk\/en\/wp-json\/wp\/v2\/types\/page"}],"author":[{"embeddable":true,"href":"https:\/\/zrubyoscadnica.sk\/en\/wp-json\/wp\/v2\/users\/1"}],"replies":[{"embeddable":true,"href":"https:\/\/zrubyoscadnica.sk\/en\/wp-json\/wp\/v2\/comments?post=55"}],"version-history":[{"count":3,"href":"https:\/\/zrubyoscadnica.sk\/en\/wp-json\/wp\/v2\/pages\/55\/revisions"}],"predecessor-version":[{"id":366,"href":"https:\/\/zrubyoscadnica.sk\/en\/wp-json\/wp\/v2\/pages\/55\/revisions\/366"}],"wp:attachment":[{"href":"https:\/\/zrubyoscadnica.sk\/en\/wp-json\/wp\/v2\/media?parent=55"}],"curies":[{"name":"wp","href":"https:\/\/api.w.org\/{rel}","templated":true}]}}