{"id":217,"date":"2026-02-10T22:42:05","date_gmt":"2026-02-10T21:42:05","guid":{"rendered":"https:\/\/zrubyoscadnica.sk\/?page_id=217"},"modified":"2026-02-19T10:32:21","modified_gmt":"2026-02-19T09:32:21","slug":"zrub-pre-12-hosti","status":"publish","type":"page","link":"https:\/\/zrubyoscadnica.sk\/pl\/zrub-pre-12-hosti\/","title":{"rendered":"Domek dla 12 go\u015bci"},"content":{"rendered":"<div class=\"wpbs-main-wrapper wpbs-main-wrapper-calendar-2 wpbs-main-wrapper-form-2\"><a class=\"wpbs-visually-hidden wpbs-skip-to-content-link\" title=\"Skip Booking Form\" href=\"#wpbs-booking-form-end\">Skip Booking Form<\/a><div class=\"wpbs-container wpbs-enable-hover wpbs-calendar-2\" data-id=\"2\" data-show_title=\"1\" data-months_to_show=\"1\" data-start_weekday=\"1\" data-show_legend=\"1\" data-legend_position=\"side\" data-show_button_navigation=\"1\" data-show_selector_navigation=\"1\" data-show_week_numbers=\"0\" data-current_year=\"2026\" data-current_month=\"4\" data-jump_months=\"0\" data-highlight_today=\"0\" data-history=\"1\" data-show_tooltip=\"1\" data-show_prices=\"0\" data-language=\"pl\" data-min_width=\"200\" data-max_width=\"380\" data-start_date=\"0\" data-end_date=\"0\" data-changeover_start=\"7\" data-changeover_end=\"8\" data-currency=\"USD\" data-form_position=\"bottom\" data-current_date=\"1777420800000\" data-show_first_available_date=\"0\" ><h2>REZERWACJA \u2013 Domek 2<\/h2><div class=\"wpbs-calendars-wrapper wpbs-legend-position-side\"><div class=\"wpbs-legend\"><div class=\"wpbs-legend-item\"><div class=\"wpbs-legend-item-icon wpbs-legend-item-icon-5\" data-type=\"single\"><div class=\"wpbs-legend-item-icon-color\" ><\/div><div class=\"wpbs-legend-item-icon-color\" ><\/div><\/div><span class=\"wpbs-legend-item-name\">Dost\u0119pne<\/span><\/div><div class=\"wpbs-legend-item\"><div class=\"wpbs-legend-item-icon wpbs-legend-item-icon-6\" data-type=\"single\"><div class=\"wpbs-legend-item-icon-color\" ><\/div><div class=\"wpbs-legend-item-icon-color\" ><\/div><\/div><span class=\"wpbs-legend-item-name\">Zarezerwowane<\/span><\/div><\/div><div class=\"wpbs-calendars\"><div class=\"wpbs-calendar wpbs-calendar-month-4 wpbs-calendar-year-2026\"><div class=\"wpbs-calendar-header wpbs-heading\"><div class=\"wpbs-calendar-header-navigation\"><button class=\"wpbs-prev\" aria-label=\"Navigate to previous month\"><span class=\"wpbs-arrow\"><\/span><\/button><div class=\"wpbs-select-container\"><select name=\"wpbs-month-selector-dropdown\" aria-label=\"Calendar month navigation\"><option value=\"1768435200\" >Stycze\u0144 2026<\/option><option value=\"1771113600\" >Luty 2026<\/option><option value=\"1773532800\" >Marzec 2026<\/option><option value=\"1776211200\"  selected='selected'>Kwiecie\u0144 2026<\/option><option value=\"1778803200\" >Maj 2026<\/option><option value=\"1781481600\" >Czerwiec 2026<\/option><option value=\"1784073600\" >Lipiec 2026<\/option><option value=\"1786752000\" >Sierpie\u0144 2026<\/option><option value=\"1789430400\" >Wrzesie\u0144 2026<\/option><option value=\"1792022400\" >Pa\u017adziernik 2026<\/option><option value=\"1794700800\" >Listopad 2026<\/option><option value=\"1797292800\" >Grudzie\u0144 2026<\/option><option value=\"1799971200\" >Stycze\u0144 2027<\/option><option value=\"1802649600\" >Luty 2027<\/option><option value=\"1805068800\" >Marzec 2027<\/option><option value=\"1807747200\" >Kwiecie\u0144 2027<\/option><\/select><\/div><button class=\"wpbs-next\" aria-label=\"Navigate to next month\"><span class=\"wpbs-arrow\"><\/span><\/button><\/div><\/div><div class=\"wpbs-calendar-wrapper\"><table><thead><tr><th>P<\/th><th>W<\/th><th>S<\/th><th>C<\/th><th>P<\/th><th>S<\/th><th>N<\/th><\/tr><\/thead><tbody><tr><td><div class=\"wpbs-date   wpbs-gap\"  data-price=\"\" ><div class=\"wpbs-date-inner\"><\/div><\/div><\/td><td><div class=\"wpbs-date   wpbs-gap\"  data-price=\"\" ><div class=\"wpbs-date-inner\"><\/div><\/div><\/td><td><div class=\"wpbs-date wpbs-legend-item-5\" data-year=\"2026\" data-month=\"4\" data-day=\"1\" data-price=\"\" ><div class=\"wpbs-legend-item-icon wpbs-legend-item-icon-5\" data-type=\"single\"><div class=\"wpbs-legend-item-icon-color\" ><\/div><div class=\"wpbs-legend-item-icon-color\" ><\/div><\/div><div class=\"wpbs-date-inner\"><span class=\"wpbs-date-number\">1<\/span><\/div><\/div><\/td><td><div class=\"wpbs-date wpbs-legend-item-7\" data-year=\"2026\" data-month=\"4\" data-day=\"2\" data-price=\"\" ><div class=\"wpbs-legend-item-icon wpbs-legend-item-icon-7\" data-type=\"split\"><div class=\"wpbs-legend-item-icon-color\" ><svg preserveaspectratio=\"none\" viewbox=\"0 0 200 200\"><polygon points=\"0,0 0,200 200,0\" \/><\/svg><\/div><div class=\"wpbs-legend-item-icon-color\" ><svg preserveaspectratio=\"none\" viewbox=\"0 0 200 200\"><polygon points=\"0,200 200,200 200,0\" \/><\/svg><\/div><\/div><div class=\"wpbs-date-inner\"><span class=\"wpbs-date-number\">2<\/span><\/div><\/div><\/td><td><div class=\"wpbs-date wpbs-legend-item-6\" data-year=\"2026\" data-month=\"4\" data-day=\"3\" data-price=\"\" ><div class=\"wpbs-legend-item-icon wpbs-legend-item-icon-6\" data-type=\"single\"><div class=\"wpbs-legend-item-icon-color\" ><\/div><div class=\"wpbs-legend-item-icon-color\" ><\/div><\/div><div class=\"wpbs-date-inner\"><span class=\"wpbs-date-number\">3<\/span><\/div><\/div><\/td><td><div class=\"wpbs-date wpbs-legend-item-6\" data-year=\"2026\" data-month=\"4\" data-day=\"4\" data-price=\"\" ><div class=\"wpbs-legend-item-icon wpbs-legend-item-icon-6\" data-type=\"single\"><div class=\"wpbs-legend-item-icon-color\" ><\/div><div class=\"wpbs-legend-item-icon-color\" ><\/div><\/div><div class=\"wpbs-date-inner\"><span class=\"wpbs-date-number\">4<\/span><\/div><\/div><\/td><td><div class=\"wpbs-date wpbs-legend-item-8\" data-year=\"2026\" data-month=\"4\" data-day=\"5\" data-price=\"\" ><div class=\"wpbs-legend-item-icon wpbs-legend-item-icon-8\" data-type=\"split\"><div class=\"wpbs-legend-item-icon-color\" ><svg preserveaspectratio=\"none\" viewbox=\"0 0 200 200\"><polygon points=\"0,0 0,200 200,0\" \/><\/svg><\/div><div class=\"wpbs-legend-item-icon-color\" ><svg preserveaspectratio=\"none\" viewbox=\"0 0 200 200\"><polygon points=\"0,200 200,200 200,0\" \/><\/svg><\/div><\/div><div class=\"wpbs-date-inner\"><span class=\"wpbs-date-number\">5<\/span><\/div><\/div><\/td><\/tr><tr><td><div class=\"wpbs-date wpbs-legend-item-5\" data-year=\"2026\" data-month=\"4\" data-day=\"6\" data-price=\"\" ><div class=\"wpbs-legend-item-icon wpbs-legend-item-icon-5\" data-type=\"single\"><div class=\"wpbs-legend-item-icon-color\" ><\/div><div class=\"wpbs-legend-item-icon-color\" ><\/div><\/div><div class=\"wpbs-date-inner\"><span class=\"wpbs-date-number\">6<\/span><\/div><\/div><\/td><td><div class=\"wpbs-date wpbs-legend-item-5\" data-year=\"2026\" data-month=\"4\" data-day=\"7\" data-price=\"\" ><div class=\"wpbs-legend-item-icon wpbs-legend-item-icon-5\" data-type=\"single\"><div class=\"wpbs-legend-item-icon-color\" ><\/div><div class=\"wpbs-legend-item-icon-color\" ><\/div><\/div><div class=\"wpbs-date-inner\"><span class=\"wpbs-date-number\">7<\/span><\/div><\/div><\/td><td><div class=\"wpbs-date wpbs-legend-item-5\" data-year=\"2026\" data-month=\"4\" data-day=\"8\" data-price=\"\" ><div class=\"wpbs-legend-item-icon wpbs-legend-item-icon-5\" data-type=\"single\"><div class=\"wpbs-legend-item-icon-color\" ><\/div><div class=\"wpbs-legend-item-icon-color\" ><\/div><\/div><div class=\"wpbs-date-inner\"><span class=\"wpbs-date-number\">8<\/span><\/div><\/div><\/td><td><div class=\"wpbs-date wpbs-legend-item-5\" data-year=\"2026\" data-month=\"4\" data-day=\"9\" data-price=\"\" ><div class=\"wpbs-legend-item-icon wpbs-legend-item-icon-5\" data-type=\"single\"><div class=\"wpbs-legend-item-icon-color\" ><\/div><div class=\"wpbs-legend-item-icon-color\" ><\/div><\/div><div class=\"wpbs-date-inner\"><span class=\"wpbs-date-number\">9<\/span><\/div><\/div><\/td><td><div class=\"wpbs-date wpbs-legend-item-7\" data-year=\"2026\" data-month=\"4\" data-day=\"10\" data-price=\"\" ><div class=\"wpbs-legend-item-icon wpbs-legend-item-icon-7\" data-type=\"split\"><div class=\"wpbs-legend-item-icon-color\" ><svg preserveaspectratio=\"none\" viewbox=\"0 0 200 200\"><polygon points=\"0,0 0,200 200,0\" \/><\/svg><\/div><div class=\"wpbs-legend-item-icon-color\" ><svg preserveaspectratio=\"none\" viewbox=\"0 0 200 200\"><polygon points=\"0,200 200,200 200,0\" \/><\/svg><\/div><\/div><div class=\"wpbs-date-inner\"><span class=\"wpbs-date-number\">10<\/span><\/div><\/div><\/td><td><div class=\"wpbs-date wpbs-legend-item-6\" data-year=\"2026\" data-month=\"4\" data-day=\"11\" data-price=\"\" ><div class=\"wpbs-legend-item-icon wpbs-legend-item-icon-6\" data-type=\"single\"><div class=\"wpbs-legend-item-icon-color\" ><\/div><div class=\"wpbs-legend-item-icon-color\" ><\/div><\/div><div class=\"wpbs-date-inner\"><span class=\"wpbs-date-number\">11<\/span><\/div><\/div><\/td><td><div class=\"wpbs-date wpbs-legend-item-8\" data-year=\"2026\" data-month=\"4\" data-day=\"12\" data-price=\"\" ><div class=\"wpbs-legend-item-icon wpbs-legend-item-icon-8\" data-type=\"split\"><div class=\"wpbs-legend-item-icon-color\" ><svg preserveaspectratio=\"none\" viewbox=\"0 0 200 200\"><polygon points=\"0,0 0,200 200,0\" \/><\/svg><\/div><div class=\"wpbs-legend-item-icon-color\" ><svg preserveaspectratio=\"none\" viewbox=\"0 0 200 200\"><polygon points=\"0,200 200,200 200,0\" \/><\/svg><\/div><\/div><div class=\"wpbs-date-inner\"><span class=\"wpbs-date-number\">12<\/span><\/div><\/div><\/td><\/tr><tr><td><div class=\"wpbs-date wpbs-legend-item-5\" data-year=\"2026\" data-month=\"4\" data-day=\"13\" data-price=\"\" ><div class=\"wpbs-legend-item-icon wpbs-legend-item-icon-5\" data-type=\"single\"><div class=\"wpbs-legend-item-icon-color\" ><\/div><div class=\"wpbs-legend-item-icon-color\" ><\/div><\/div><div class=\"wpbs-date-inner\"><span class=\"wpbs-date-number\">13<\/span><\/div><\/div><\/td><td><div class=\"wpbs-date wpbs-legend-item-5\" data-year=\"2026\" data-month=\"4\" data-day=\"14\" data-price=\"\" ><div class=\"wpbs-legend-item-icon wpbs-legend-item-icon-5\" data-type=\"single\"><div class=\"wpbs-legend-item-icon-color\" ><\/div><div class=\"wpbs-legend-item-icon-color\" ><\/div><\/div><div class=\"wpbs-date-inner\"><span class=\"wpbs-date-number\">14<\/span><\/div><\/div><\/td><td><div class=\"wpbs-date wpbs-legend-item-5\" data-year=\"2026\" data-month=\"4\" data-day=\"15\" data-price=\"\" ><div class=\"wpbs-legend-item-icon wpbs-legend-item-icon-5\" data-type=\"single\"><div class=\"wpbs-legend-item-icon-color\" ><\/div><div class=\"wpbs-legend-item-icon-color\" ><\/div><\/div><div class=\"wpbs-date-inner\"><span class=\"wpbs-date-number\">15<\/span><\/div><\/div><\/td><td><div class=\"wpbs-date wpbs-legend-item-7\" data-year=\"2026\" data-month=\"4\" data-day=\"16\" data-price=\"\" ><div class=\"wpbs-legend-item-icon wpbs-legend-item-icon-7\" data-type=\"split\"><div class=\"wpbs-legend-item-icon-color\" ><svg preserveaspectratio=\"none\" viewbox=\"0 0 200 200\"><polygon points=\"0,0 0,200 200,0\" \/><\/svg><\/div><div class=\"wpbs-legend-item-icon-color\" ><svg preserveaspectratio=\"none\" viewbox=\"0 0 200 200\"><polygon points=\"0,200 200,200 200,0\" \/><\/svg><\/div><\/div><div class=\"wpbs-date-inner\"><span class=\"wpbs-date-number\">16<\/span><\/div><\/div><\/td><td><div class=\"wpbs-date wpbs-legend-item-6\" data-year=\"2026\" data-month=\"4\" data-day=\"17\" data-price=\"\" ><div class=\"wpbs-legend-item-icon wpbs-legend-item-icon-6\" data-type=\"single\"><div class=\"wpbs-legend-item-icon-color\" ><\/div><div class=\"wpbs-legend-item-icon-color\" ><\/div><\/div><div class=\"wpbs-date-inner\"><span class=\"wpbs-date-number\">17<\/span><\/div><\/div><\/td><td><div class=\"wpbs-date wpbs-legend-item-6\" data-year=\"2026\" data-month=\"4\" data-day=\"18\" data-price=\"\" ><div class=\"wpbs-legend-item-icon wpbs-legend-item-icon-6\" data-type=\"single\"><div class=\"wpbs-legend-item-icon-color\" ><\/div><div class=\"wpbs-legend-item-icon-color\" ><\/div><\/div><div class=\"wpbs-date-inner\"><span class=\"wpbs-date-number\">18<\/span><\/div><\/div><\/td><td><div class=\"wpbs-date wpbs-legend-item-8\" data-year=\"2026\" data-month=\"4\" data-day=\"19\" data-price=\"\" ><div class=\"wpbs-legend-item-icon wpbs-legend-item-icon-8\" data-type=\"split\"><div class=\"wpbs-legend-item-icon-color\" ><svg preserveaspectratio=\"none\" viewbox=\"0 0 200 200\"><polygon points=\"0,0 0,200 200,0\" \/><\/svg><\/div><div class=\"wpbs-legend-item-icon-color\" ><svg preserveaspectratio=\"none\" viewbox=\"0 0 200 200\"><polygon points=\"0,200 200,200 200,0\" \/><\/svg><\/div><\/div><div class=\"wpbs-date-inner\"><span class=\"wpbs-date-number\">19<\/span><\/div><\/div><\/td><\/tr><tr><td><div class=\"wpbs-date wpbs-legend-item-5\" data-year=\"2026\" data-month=\"4\" data-day=\"20\" data-price=\"\" ><div class=\"wpbs-legend-item-icon wpbs-legend-item-icon-5\" data-type=\"single\"><div class=\"wpbs-legend-item-icon-color\" ><\/div><div class=\"wpbs-legend-item-icon-color\" ><\/div><\/div><div class=\"wpbs-date-inner\"><span class=\"wpbs-date-number\">20<\/span><\/div><\/div><\/td><td><div class=\"wpbs-date wpbs-legend-item-5\" data-year=\"2026\" data-month=\"4\" data-day=\"21\" data-price=\"\" ><div class=\"wpbs-legend-item-icon wpbs-legend-item-icon-5\" data-type=\"single\"><div class=\"wpbs-legend-item-icon-color\" ><\/div><div class=\"wpbs-legend-item-icon-color\" ><\/div><\/div><div class=\"wpbs-date-inner\"><span class=\"wpbs-date-number\">21<\/span><\/div><\/div><\/td><td><div class=\"wpbs-date wpbs-legend-item-5\" data-year=\"2026\" data-month=\"4\" data-day=\"22\" data-price=\"\" ><div class=\"wpbs-legend-item-icon wpbs-legend-item-icon-5\" data-type=\"single\"><div class=\"wpbs-legend-item-icon-color\" ><\/div><div class=\"wpbs-legend-item-icon-color\" ><\/div><\/div><div class=\"wpbs-date-inner\"><span class=\"wpbs-date-number\">22<\/span><\/div><\/div><\/td><td><div class=\"wpbs-date wpbs-legend-item-5\" data-year=\"2026\" data-month=\"4\" data-day=\"23\" data-price=\"\" ><div class=\"wpbs-legend-item-icon wpbs-legend-item-icon-5\" data-type=\"single\"><div class=\"wpbs-legend-item-icon-color\" ><\/div><div class=\"wpbs-legend-item-icon-color\" ><\/div><\/div><div class=\"wpbs-date-inner\"><span class=\"wpbs-date-number\">23<\/span><\/div><\/div><\/td><td><div class=\"wpbs-date wpbs-legend-item-5\" data-year=\"2026\" data-month=\"4\" data-day=\"24\" data-price=\"\" ><div class=\"wpbs-legend-item-icon wpbs-legend-item-icon-5\" data-type=\"single\"><div class=\"wpbs-legend-item-icon-color\" ><\/div><div class=\"wpbs-legend-item-icon-color\" ><\/div><\/div><div class=\"wpbs-date-inner\"><span class=\"wpbs-date-number\">24<\/span><\/div><\/div><\/td><td><div class=\"wpbs-date wpbs-legend-item-5\" data-year=\"2026\" data-month=\"4\" data-day=\"25\" data-price=\"\" ><div class=\"wpbs-legend-item-icon wpbs-legend-item-icon-5\" data-type=\"single\"><div class=\"wpbs-legend-item-icon-color\" ><\/div><div class=\"wpbs-legend-item-icon-color\" ><\/div><\/div><div class=\"wpbs-date-inner\"><span class=\"wpbs-date-number\">25<\/span><\/div><\/div><\/td><td><div class=\"wpbs-date wpbs-legend-item-5\" data-year=\"2026\" data-month=\"4\" data-day=\"26\" data-price=\"\" ><div class=\"wpbs-legend-item-icon wpbs-legend-item-icon-5\" data-type=\"single\"><div class=\"wpbs-legend-item-icon-color\" ><\/div><div class=\"wpbs-legend-item-icon-color\" ><\/div><\/div><div class=\"wpbs-date-inner\"><span class=\"wpbs-date-number\">26<\/span><\/div><\/div><\/td><\/tr><tr><td><div class=\"wpbs-date wpbs-legend-item-5\" data-year=\"2026\" data-month=\"4\" data-day=\"27\" data-price=\"\" ><div class=\"wpbs-legend-item-icon wpbs-legend-item-icon-5\" data-type=\"single\"><div class=\"wpbs-legend-item-icon-color\" ><\/div><div class=\"wpbs-legend-item-icon-color\" ><\/div><\/div><div class=\"wpbs-date-inner\"><span class=\"wpbs-date-number\">27<\/span><\/div><\/div><\/td><td><div class=\"wpbs-date wpbs-legend-item-5\" data-year=\"2026\" data-month=\"4\" data-day=\"28\" data-price=\"\" ><div class=\"wpbs-legend-item-icon wpbs-legend-item-icon-5\" data-type=\"single\"><div class=\"wpbs-legend-item-icon-color\" ><\/div><div class=\"wpbs-legend-item-icon-color\" ><\/div><\/div><div class=\"wpbs-date-inner\"><span class=\"wpbs-date-number\">28<\/span><\/div><\/div><\/td><td><div class=\"wpbs-date wpbs-legend-item-5   wpbs-is-bookable\" data-year=\"2026\" data-month=\"4\" data-day=\"29\" data-price=\"\" tabindex=\"0\"><div class=\"wpbs-legend-item-icon wpbs-legend-item-icon-5\" data-type=\"single\"><div class=\"wpbs-legend-item-icon-color\" ><\/div><div class=\"wpbs-legend-item-icon-color\" ><\/div><\/div><div class=\"wpbs-date-inner\"><span class=\"wpbs-date-number\">29<\/span><\/div><\/div><\/td><td><div class=\"wpbs-date wpbs-legend-item-7   wpbs-is-bookable\" data-year=\"2026\" data-month=\"4\" data-day=\"30\" data-price=\"\" tabindex=\"0\"><div class=\"wpbs-legend-item-icon wpbs-legend-item-icon-7\" data-type=\"split\"><div class=\"wpbs-legend-item-icon-color\" ><svg preserveaspectratio=\"none\" viewbox=\"0 0 200 200\"><polygon points=\"0,0 0,200 200,0\" \/><\/svg><\/div><div class=\"wpbs-legend-item-icon-color\" ><svg preserveaspectratio=\"none\" viewbox=\"0 0 200 200\"><polygon points=\"0,200 200,200 200,0\" \/><\/svg><\/div><\/div><div class=\"wpbs-date-inner\"><span class=\"wpbs-date-number\">30<\/span><\/div><\/div><\/td><td><div class=\"wpbs-date   wpbs-gap\"  data-price=\"\" ><div class=\"wpbs-date-inner\"><\/div><\/div><\/td><td><div class=\"wpbs-date   wpbs-gap\"  data-price=\"\" ><div class=\"wpbs-date-inner\"><\/div><\/div><\/td><td><div class=\"wpbs-date   wpbs-gap\"  data-price=\"\" ><div class=\"wpbs-date-inner\"><\/div><\/div><\/td><\/tr><\/tbody><\/table><\/div><\/div><\/div><\/div><style>.wpbs-container.wpbs-calendar-2 .wpbs-legend-item-icon-5 div:first-of-type { background-color: #ddffcc !important; }.wpbs-container.wpbs-calendar-2 .wpbs-legend-item-icon-5 div:nth-of-type(2) { background-color: transparent !important; }.wpbs-container.wpbs-calendar-2 .wpbs-legend-item-icon-5 div:first-of-type svg { fill: #ddffcc !important; }.wpbs-container.wpbs-calendar-2 .wpbs-legend-item-icon-5 div:nth-of-type(2) svg { fill: transparent !important; }.wpbs-container.wpbs-calendar-2 .wpbs-legend-item-icon-6 div:first-of-type { background-color: #ffc0bd !important; }.wpbs-container.wpbs-calendar-2 .wpbs-legend-item-icon-6 div:nth-of-type(2) { background-color: transparent !important; }.wpbs-container.wpbs-calendar-2 .wpbs-legend-item-icon-6 div:first-of-type svg { fill: #ffc0bd !important; }.wpbs-container.wpbs-calendar-2 .wpbs-legend-item-icon-6 div:nth-of-type(2) svg { fill: transparent !important; }.wpbs-container.wpbs-calendar-2 .wpbs-legend-item-icon-7 div:first-of-type { background-color: #ddffcc !important; }.wpbs-container.wpbs-calendar-2 .wpbs-legend-item-icon-7 div:nth-of-type(2) { background-color: #ffc0bd !important; }.wpbs-container.wpbs-calendar-2 .wpbs-legend-item-icon-7 div:first-of-type svg { fill: #ddffcc !important; }.wpbs-container.wpbs-calendar-2 .wpbs-legend-item-icon-7 div:nth-of-type(2) svg { fill: #ffc0bd !important; }.wpbs-container.wpbs-calendar-2 .wpbs-legend-item-icon-8 div:first-of-type { background-color: #ffc0bd !important; }.wpbs-container.wpbs-calendar-2 .wpbs-legend-item-icon-8 div:nth-of-type(2) { background-color: #ddffcc !important; }.wpbs-container.wpbs-calendar-2 .wpbs-legend-item-icon-8 div:first-of-type svg { fill: #ffc0bd !important; }.wpbs-container.wpbs-calendar-2 .wpbs-legend-item-icon-8 div:nth-of-type(2) svg { fill: #ddffcc !important; }.wpbs-container.wpbs-calendar-2 .wpbs-legend-item-icon-today div:first-of-type { background-color: rgba( 33,150,243, .9 ) !important; }.wpbs-container.wpbs-calendar-2 .wpbs-legend-item-icon-0 div:first-of-type { background-color: #e1e1e1 !important; }.wpbs-main-wrapper:not(.wpbs-main-wrapper-form-0) .wpbs-enable-hover .wpbs-is-bookable:hover:not(.wpbs-selected-first):not(.wpbs-selected-last) .wpbs-legend-item-icon div:first-of-type, .wpbs-main-wrapper:not(.wpbs-main-wrapper-form-0) .wpbs-date-hover:not(.wpbs-selected-first):not(.wpbs-selected-last) .wpbs-legend-item-icon div:first-of-type, .wpbs-main-wrapper:not(.wpbs-main-wrapper-form-0) .wpbs-date-hover.wpbs-selected-first.wpbs-selected-last .wpbs-legend-item-icon div:first-of-type { background-color: #7bb9e4 !important; }.wpbs-main-wrapper:not(.wpbs-main-wrapper-form-0) .wpbs-enable-hover .wpbs-is-bookable:hover:not(.wpbs-selected-first):not(.wpbs-selected-last) .wpbs-legend-item-icon[data-type=\"split\"] div svg, .wpbs-main-wrapper:not(.wpbs-main-wrapper-form-0) .wpbs-date-hover:not(.wpbs-selected-first):not(.wpbs-selected-last) .wpbs-legend-item-icon[data-type=\"split\"] div svg, .wpbs-main-wrapper:not(.wpbs-main-wrapper-form-0) .wpbs-legend-item-icon .wpbs-legend-icon-select svg { fill: #7bb9e4 !important; }.wpbs-main-wrapper:not(.wpbs-main-wrapper-form-0) .wpbs-date-selected:not(.wpbs-selected-first):not(.wpbs-selected-last) .wpbs-legend-item-icon div:first-of-type, .wpbs-main-wrapper:not(.wpbs-main-wrapper-form-0) .wpbs-date-selected.wpbs-selected-first.wpbs-selected-last .wpbs-legend-item-icon div:first-of-type, .wpbs-main-wrapper:not(.wpbs-main-wrapper-form-0) .wpbs-enable-hover .wpbs-date-selected:hover:not(.wpbs-selected-first):not(.wpbs-selected-last) .wpbs-legend-item-icon div:first-of-type { background-color: #5aa7dd !important; }.wpbs-main-wrapper:not(.wpbs-main-wrapper-form-0) .wpbs-date-selected:not(.wpbs-selected-first):not(.wpbs-selected-last) .wpbs-legend-item-icon[data-type=\"split\"] div svg, .wpbs-main-wrapper:not(.wpbs-main-wrapper-form-0) .wpbs-enable-hover .wpbs-date-selected:hover:not(.wpbs-selected-first):not(.wpbs-selected-last) .wpbs-legend-item-icon[data-type=\"split\"] div svg, .wpbs-main-wrapper:not(.wpbs-main-wrapper-form-0) .wpbs-date-selected .wpbs-legend-item-icon .wpbs-legend-icon-select svg { fill: #5aa7dd !important; }.wpbs-date-today:not(.wpbs-date-hover):not(.wpbs-date-selected) .wpbs-legend-item-icon {border: 4px solid #7bb9e4 !important;}<\/style><div class=\"wpbs-container-loaded\" data-just-loaded=\"1\"><\/div><\/div><form method=\"post\" novalidate=\"novalidate\" action=\"#\" id=\"wpbs-form-2\" class=\"wpbs-form-container wpbs-form-2\" data-id=\"2\" data-minimum_days=\"0\" data-maximum_days=\"0\" data-booking_start_day=\"0\" data-booking_end_day=\"0\" data-selection_type=\"multiple\" data-selection_style=\"split\" data-language=\"pl\" data-auto_pending=\"1\" data-show_date_selection=\"0\" data-currency=\"USD\" data-trp-original-action=\"#\" ><div class=\"wpbs-form-fields\"><div class=\"wpbs-form-field wpbs-form-field-text wpbs-form-field-2-1 wpbs-field-layout-default\"><div class=\"wpbs-form-field-label\"><label for=\"wpbs-form-field-input-2-1-ba157179\">Imi\u0119<\/label><\/div><div class=\"wpbs-form-field-input\"><input\r\n            type=\"text\"\r\n            name=\"wpbs-input-2-1\"\r\n            id=\"wpbs-form-field-input-2-1-ba157179\"\r\n            value=\"\"\r\n            placeholder=\"\"\r\n            \r\n            \r\n        ><\/div><\/div><div class=\"wpbs-form-field wpbs-form-field-email wpbs-form-field-2-2 wpbs-field-layout-default\"><div class=\"wpbs-form-field-label\"><label for=\"wpbs-form-field-input-2-2-ba157179\">E-mail<\/label><\/div><div class=\"wpbs-form-field-input\"><input\r\n            type=\"email\"\r\n            name=\"wpbs-input-2-2\"\r\n            id=\"wpbs-form-field-input-2-2-ba157179\"\r\n            value=\"\"\r\n            placeholder=\"\"\r\n            \r\n        ><\/div><\/div><div class=\"wpbs-form-field wpbs-form-field-phone wpbs-form-field-2-3 wpbs-field-layout-default\"><div class=\"wpbs-form-field-label\"><label for=\"wpbs-form-field-input-2-3-ba157179\">Telefon<\/label><\/div><div class=\"wpbs-form-field-input\"><input\r\n            type=\"text\"\r\n            name=\"wpbs-input-2-3\"\r\n            id=\"wpbs-form-field-input-2-3-ba157179\"\r\n            value=\"\"\r\n            placeholder=\"\"\r\n            data-error=\"Invalid phone number.\"\r\n            \r\n        ><\/div><\/div><div class=\"wpbs-form-field wpbs-form-field-text wpbs-form-field-2-5 wpbs-field-layout-default\"><div class=\"wpbs-form-field-label\"><label for=\"wpbs-form-field-input-2-5-ba157179\">Uwaga<\/label><\/div><div class=\"wpbs-form-field-input\"><input\r\n            type=\"text\"\r\n            name=\"wpbs-input-2-5\"\r\n            id=\"wpbs-form-field-input-2-5-ba157179\"\r\n            value=\"\"\r\n            placeholder=\"\"\r\n            \r\n            \r\n        ><\/div><\/div><\/div><input type=\"hidden\" name=\"wpbs-return-url\" value=\"https:\/\/zrubyoscadnica.sk\/pl\/wp-json\/wp\/v2\/pages\/217\"><input type=\"hidden\" name=\"wpbs-post-id\" value=\"217\"><div class=\"wpbs-form-field wpbs-form-submit-button\"><button type=\"submit\" class=\"\" id=\"wpbs-form-submit-2\">Wy\u015blij<\/button><\/div><style><\/style><input type=\"hidden\" name=\"trp-form-language\" value=\"pl\"\/><\/form><span class=\"wpbs-visually-hidden\" id=\"wpbs-booking-form-end\"><\/span><\/div>\n\n\n<div style=\"height:100px\" aria-hidden=\"true\" class=\"wp-block-spacer\"><\/div>","protected":false},"excerpt":{"rendered":"","protected":false},"author":1,"featured_media":0,"parent":0,"menu_order":0,"comment_status":"closed","ping_status":"closed","template":"","meta":{"_seopress_robots_primary_cat":"","_seopress_titles_title":"Pren\u00e1jom chaty | Ubytovanie pre skupiny pri Ve\u013ekej Ra\u010di","_seopress_titles_desc":"Zrub pre 12 host\u00ed v Zruboch O\u0161\u010dadnica \u2013 ide\u00e1lne ubytovanie pre rodiny a skupiny pri Ve\u013ekej Ra\u010di na Kysuciach. Komfortn\u00e9 3 sp\u00e1lne, 2 k\u00fape\u013ene a relax po akt\u00edvnom dni.","_seopress_robots_index":"","footnotes":""},"class_list":["post-217","page","type-page","status-publish","hentry"],"_links":{"self":[{"href":"https:\/\/zrubyoscadnica.sk\/pl\/wp-json\/wp\/v2\/pages\/217","targetHints":{"allow":["GET"]}}],"collection":[{"href":"https:\/\/zrubyoscadnica.sk\/pl\/wp-json\/wp\/v2\/pages"}],"about":[{"href":"https:\/\/zrubyoscadnica.sk\/pl\/wp-json\/wp\/v2\/types\/page"}],"author":[{"embeddable":true,"href":"https:\/\/zrubyoscadnica.sk\/pl\/wp-json\/wp\/v2\/users\/1"}],"replies":[{"embeddable":true,"href":"https:\/\/zrubyoscadnica.sk\/pl\/wp-json\/wp\/v2\/comments?post=217"}],"version-history":[{"count":4,"href":"https:\/\/zrubyoscadnica.sk\/pl\/wp-json\/wp\/v2\/pages\/217\/revisions"}],"predecessor-version":[{"id":377,"href":"https:\/\/zrubyoscadnica.sk\/pl\/wp-json\/wp\/v2\/pages\/217\/revisions\/377"}],"wp:attachment":[{"href":"https:\/\/zrubyoscadnica.sk\/pl\/wp-json\/wp\/v2\/media?parent=217"}],"curies":[{"name":"wp","href":"https:\/\/api.w.org\/{rel}","templated":true}]}}