{"id":219,"date":"2026-02-10T22:42:44","date_gmt":"2026-02-10T21:42:44","guid":{"rendered":"https:\/\/zrubyoscadnica.sk\/?page_id=219"},"modified":"2026-02-18T15:06:17","modified_gmt":"2026-02-18T14:06:17","slug":"spolocenska-miestnost","status":"publish","type":"page","link":"https:\/\/zrubyoscadnica.sk\/pl\/spolocenska-miestnost\/","title":{"rendered":"Sala wsp\u00f3lna"},"content":{"rendered":"","protected":false},"excerpt":{"rendered":"","protected":false},"author":1,"featured_media":0,"parent":0,"menu_order":0,"comment_status":"closed","ping_status":"closed","template":"","meta":{"_seopress_robots_primary_cat":"","_seopress_titles_title":"Oslavy v o\u0161\u010dadnici - pred 35 hosti - Zruby O\u0161\u010dadnica","_seopress_titles_desc":"Spolo\u010densk\u00e1 miestnos\u0165 v Zruboch O\u0161\u010dadnica pri Ve\u013ekej Ra\u010di \u2013 ide\u00e1lna pre rodiny, oslavy, teambuilding a ve\u010dern\u00e9 posedenia. Komfortn\u00e9 vybavenie a relax v pr\u00edrode Kys\u00fac.","_seopress_robots_index":"","footnotes":""},"class_list":["post-219","page","type-page","status-publish","hentry"],"_links":{"self":[{"href":"https:\/\/zrubyoscadnica.sk\/pl\/wp-json\/wp\/v2\/pages\/219","targetHints":{"allow":["GET"]}}],"collection":[{"href":"https:\/\/zrubyoscadnica.sk\/pl\/wp-json\/wp\/v2\/pages"}],"about":[{"href":"https:\/\/zrubyoscadnica.sk\/pl\/wp-json\/wp\/v2\/types\/page"}],"author":[{"embeddable":true,"href":"https:\/\/zrubyoscadnica.sk\/pl\/wp-json\/wp\/v2\/users\/1"}],"replies":[{"embeddable":true,"href":"https:\/\/zrubyoscadnica.sk\/pl\/wp-json\/wp\/v2\/comments?post=219"}],"version-history":[{"count":7,"href":"https:\/\/zrubyoscadnica.sk\/pl\/wp-json\/wp\/v2\/pages\/219\/revisions"}],"predecessor-version":[{"id":396,"href":"https:\/\/zrubyoscadnica.sk\/pl\/wp-json\/wp\/v2\/pages\/219\/revisions\/396"}],"wp:attachment":[{"href":"https:\/\/zrubyoscadnica.sk\/pl\/wp-json\/wp\/v2\/media?parent=219"}],"curies":[{"name":"wp","href":"https:\/\/api.w.org\/{rel}","templated":true}]}}