{"id":52,"date":"2026-02-09T10:45:21","date_gmt":"2026-02-09T09:45:21","guid":{"rendered":"https:\/\/zrubyoscadnica.sk\/galeria\/"},"modified":"2026-02-18T15:47:59","modified_gmt":"2026-02-18T14:47:59","slug":"galeria","status":"publish","type":"page","link":"https:\/\/zrubyoscadnica.sk\/pl\/galeria\/","title":{"rendered":"Galeria"},"content":{"rendered":"","protected":false},"excerpt":{"rendered":"","protected":false},"author":1,"featured_media":0,"parent":0,"menu_order":0,"comment_status":"closed","ping_status":"closed","template":"","meta":{"_seopress_robots_primary_cat":"","_seopress_titles_title":"Zruby O\u0161\u010dadnica | Zrubov\u00e9 ubytovanie Kysuce","_seopress_titles_desc":"Pozrite si gal\u00e9riu fotografi\u00ed na\u0161ich zrubov v O\u0161\u010dadnici pri Ve\u013ekej Ra\u010di \u2013 interi\u00e9r, exteri\u00e9r, ka\u010fa, okolie a atmosf\u00e9ra. In\u0161pirujte sa pre v\u00e1\u0161 pobyt na Kysuciach.","_seopress_robots_index":"","footnotes":""},"class_list":["post-52","page","type-page","status-publish","hentry"],"_links":{"self":[{"href":"https:\/\/zrubyoscadnica.sk\/pl\/wp-json\/wp\/v2\/pages\/52","targetHints":{"allow":["GET"]}}],"collection":[{"href":"https:\/\/zrubyoscadnica.sk\/pl\/wp-json\/wp\/v2\/pages"}],"about":[{"href":"https:\/\/zrubyoscadnica.sk\/pl\/wp-json\/wp\/v2\/types\/page"}],"author":[{"embeddable":true,"href":"https:\/\/zrubyoscadnica.sk\/pl\/wp-json\/wp\/v2\/users\/1"}],"replies":[{"embeddable":true,"href":"https:\/\/zrubyoscadnica.sk\/pl\/wp-json\/wp\/v2\/comments?post=52"}],"version-history":[{"count":2,"href":"https:\/\/zrubyoscadnica.sk\/pl\/wp-json\/wp\/v2\/pages\/52\/revisions"}],"predecessor-version":[{"id":364,"href":"https:\/\/zrubyoscadnica.sk\/pl\/wp-json\/wp\/v2\/pages\/52\/revisions\/364"}],"wp:attachment":[{"href":"https:\/\/zrubyoscadnica.sk\/pl\/wp-json\/wp\/v2\/media?parent=52"}],"curies":[{"name":"wp","href":"https:\/\/api.w.org\/{rel}","templated":true}]}}