{"id":59,"date":"2026-02-09T10:45:31","date_gmt":"2026-02-09T09:45:31","guid":{"rendered":"https:\/\/zrubyoscadnica.sk\/domov\/"},"modified":"2026-02-19T08:54:10","modified_gmt":"2026-02-19T07:54:10","slug":"domov","status":"publish","type":"page","link":"https:\/\/zrubyoscadnica.sk\/pl\/","title":{"rendered":"Ubytovanie v O\u0161\u010dadnici \u2013 \u0161t\u00fdlov\u00e9 zruby pri Ve\u013ekej Ra\u010di"},"content":{"rendered":"<div class=\"wp-block-group alignfull is-style-ext-preset--group--natural-1--section has-tertiary-background-color has-background\" id=\"kontakt\" style=\"margin-top:0;margin-bottom:0;padding-top:var(--wp--preset--spacing--70);padding-bottom:var(--wp--preset--spacing--70)\"><div class=\"wp-block-group__inner-container is-layout-constrained wp-block-group-is-layout-constrained\"><\/div><\/div>","protected":false},"excerpt":{"rendered":"","protected":false},"author":1,"featured_media":0,"parent":0,"menu_order":0,"comment_status":"closed","ping_status":"closed","template":"","meta":{"_seopress_robots_primary_cat":"","_seopress_titles_title":"Ubytovanie O\u0161\u010dadnica s ka\u010fou pri Ve\u013ekej Ra\u010di | Zruby O\u0161\u010dadnica","_seopress_titles_desc":"Ubytovanie v O\u0161\u010dadnici pri Ve\u013ekej Ra\u010di. Dva \u0161t\u00fdlov\u00e9 zruby s ka\u010fou, spolo\u010denskou miestnos\u0165ou a s\u00fakrom\u00edm pre rodiny aj partie. Rezervujte si pobyt na Kysuciach.","_seopress_robots_index":"","footnotes":""},"class_list":["post-59","page","type-page","status-publish","hentry"],"_links":{"self":[{"href":"https:\/\/zrubyoscadnica.sk\/pl\/wp-json\/wp\/v2\/pages\/59","targetHints":{"allow":["GET"]}}],"collection":[{"href":"https:\/\/zrubyoscadnica.sk\/pl\/wp-json\/wp\/v2\/pages"}],"about":[{"href":"https:\/\/zrubyoscadnica.sk\/pl\/wp-json\/wp\/v2\/types\/page"}],"author":[{"embeddable":true,"href":"https:\/\/zrubyoscadnica.sk\/pl\/wp-json\/wp\/v2\/users\/1"}],"replies":[{"embeddable":true,"href":"https:\/\/zrubyoscadnica.sk\/pl\/wp-json\/wp\/v2\/comments?post=59"}],"version-history":[{"count":4,"href":"https:\/\/zrubyoscadnica.sk\/pl\/wp-json\/wp\/v2\/pages\/59\/revisions"}],"predecessor-version":[{"id":361,"href":"https:\/\/zrubyoscadnica.sk\/pl\/wp-json\/wp\/v2\/pages\/59\/revisions\/361"}],"wp:attachment":[{"href":"https:\/\/zrubyoscadnica.sk\/pl\/wp-json\/wp\/v2\/media?parent=59"}],"curies":[{"name":"wp","href":"https:\/\/api.w.org\/{rel}","templated":true}]}}